{"id":15,"date":"2021-04-24T10:09:20","date_gmt":"2021-04-24T10:09:20","guid":{"rendered":"https:\/\/visva.wprdx.com\/demo\/?page_id=15"},"modified":"2021-04-24T10:09:20","modified_gmt":"2021-04-24T10:09:20","slug":"large-left-sidebar","status":"publish","type":"page","link":"https:\/\/rathinterier.sk\/?page_id=15","title":{"rendered":"Large Left Sidebar"},"content":{"rendered":"\t\t<div data-elementor-type=\"wp-page\" data-elementor-id=\"15\" class=\"elementor elementor-15\">\n\t\t\t\t\t\t\t\t\t<section class=\"elementor-section elementor-top-section elementor-element elementor-element-2d436c2 elementor-section-full_width elementor-section-height-default elementor-section-height-default\" data-id=\"2d436c2\" data-element_type=\"section\">\n\t\t\t\t\t\t<div class=\"elementor-container elementor-column-gap-custom\">\n\t\t\t\t\t<div class=\"elementor-column elementor-col-100 elementor-top-column elementor-element elementor-element-fd0bf09\" data-id=\"fd0bf09\" data-element_type=\"column\">\n\t\t\t<div class=\"elementor-widget-wrap elementor-element-populated\">\n\t\t\t\t\t\t\t\t<div class=\"elementor-element elementor-element-de6c0a1 elementor-widget elementor-widget-dz-post-listing-1\" data-id=\"de6c0a1\" data-element_type=\"widget\" data-widget_type=\"dz-post-listing-1.default\">\n\t\t\t\t<div class=\"elementor-widget-container\">\n\t\t\t<!-- Blog -->\r\n<section class=\"content-inner\">\r\n  <div class=\"container\">\r\n    \t\r\n\t\r\n    <div class=\"row\">\r\n            <!-- Side bar END -->\r\n      <!-- Left part start -->\r\n      <div class=\"col-xl-12 col-lg-12\" >\r\n        <div  id=\"post_listing_1_LoadMoreContainer\"  class=\"row\">\r\n          \r\n<div id=\"post-106\" class=\"col-xl-12 col-lg-12 card-container overlay-post post-106 post type-post status-publish format-standard has-post-thumbnail hentry category-audio tag-beauty\">\r\n\t<div class=\"dz-card blog-grid style-1 aos-item m-b50\" data-aos=\"fade-up\" data-aos-duration=\"1000\" data-aos-delay=\"200\">\r\n\t\t\t\t\t\r\n\t\t\t\t\t\t\t<div class=\"dz-media \">\r\n\t\t\t\t\t<img width=\"1000\" height=\"600\" src=\"https:\/\/rathinterier.sk\/wp-content\/uploads\/2021\/04\/pic1-1-1000x600.jpg\" class=\"attachment-large size-large wp-post-image\" alt=\"\" loading=\"lazy\" \/>\t\t\t\t\t\r\n\t\t\t\t\t\t\t\t\t<\/div>\r\n\t\t\t\t\t\t\r\n\t\t<div class=\"dz-info\">\r\n\t\t\t<div class=\"dz-meta\">\r\n\t\t\t\t<ul>\r\n\t\t\t\t\t<li class=\"post-date\">\r\n\t\t\t\t\t\t<strong>26<\/strong>\r\n\t\t\t\t\t\t<span>apr<\/span>\r\n\t\t\t\t\t<\/li>\r\n\t\t\t\t\t<li class=\"post-category\">\r\n\t\t\t\t\t\t<a href=\"https:\/\/rathinterier.sk\/?cat=17\" rel=\"category\">Audio<\/a>\t\t\t\t\t<\/li>\r\n\t\t\t\t\t<li class=\"post-user\">By <a href=\"https:\/\/rathinterier.sk\/?author=1\"> miroslavborecky<\/a>\r\n\t\t\t\t\t<\/li>\r\n\t\t\t\t<\/ul>\r\n\t\t\t<\/div>\r\n\t\t\t<h3 class=\"dz-title\">\r\n\t\t\t\t<a href=\"https:\/\/rathinterier.sk\/?p=106\">\r\n\t\t\t\t\tHow Architecture Can Increase Your Profit!\t\t\t\t<\/a>\r\n\t\t\t<\/h3>\r\n\t\t\t<div class=\"dz-post-text text\">\r\n\t\t\t\t<p>\r\n\t\t\t\t\tYou can align your image to the left, right, or center with a caption, link and alt text New Journey to the Mars in the Gutenberg editor, you can drag and drop an.\t\t\t\t<\/p>\r\n\t\t\t<\/div>\r\n\t\t\t<div class=\"read-more\">\r\n\t\t\t\t<a href=\"https:\/\/rathinterier.sk\/?p=106\" class=\"btn btn-primary btn-rounded btn-sm hover-icon\">\r\n\t\t\t\t\t<span>Read More <\/span>\r\n\t\t\t\t\t<i class=\"fas fa-arrow-right\"><\/i>\r\n\t\t\t\t<\/a>\r\n\t\t\t<\/div>\r\n\t\t<\/div>\r\n\t<\/div>\r\n\r\n<\/div>\r\n\t  \r\n<div id=\"post-81\" class=\"col-xl-12 col-lg-12 card-container overlay-post post-81 post type-post status-publish format-standard has-post-thumbnail hentry category-slider-gallery tag-slider\">\r\n\t<div class=\"dz-card blog-grid style-1 aos-item m-b50\" data-aos=\"fade-up\" data-aos-duration=\"1000\" data-aos-delay=\"200\">\r\n\t\t\t\r\n\t\t\t\t<div class=\"dz-media\">\r\n\t\t\t\t\r\n\t\t\t\t\t\t\t\t\t\t\t\t\t<div class=\"swiper-container post-swiper\">\r\n\t\t\t\t\t\t\t\t<div class=\"swiper-wrapper\">\r\n\t\t\t\t\t\t\t\t\t\t\t\t\t\t\t\t\t<div class=\"swiper-slide\">\r\n\t\t\t\t\t\t\t\t\t\t<img src=\"https:\/\/rathinterier.sk\/wp-content\/uploads\/2021\/04\/pic6-1000x600.jpg\" alt=\"Image\">\r\n\t\t\t\t\t\t\t\t\t<\/div>\r\n\t\t\t\t\t\t\t\t\t\t\t\t\t\t\t\t\t<div class=\"swiper-slide\">\r\n\t\t\t\t\t\t\t\t\t\t<img src=\"https:\/\/rathinterier.sk\/wp-content\/uploads\/2021\/04\/pic11-1000x600.jpg\" alt=\"Image\">\r\n\t\t\t\t\t\t\t\t\t<\/div>\r\n\t\t\t\t\t\t\t\t\t\t\t\t\t\t\t\t\t<div class=\"swiper-slide\">\r\n\t\t\t\t\t\t\t\t\t\t<img src=\"https:\/\/rathinterier.sk\/wp-content\/uploads\/2021\/04\/pic7-1000x600.jpg\" alt=\"Image\">\r\n\t\t\t\t\t\t\t\t\t<\/div>\r\n\t\t\t\t\t\t\t\t\t\t\t\t\t\t\t<\/div>\r\n\t\t\t\t\t\t\t<div class=\"prev-post-swiper-btn\"><i class=\"la fa-angle-left\"><\/i><\/div>\r\n\t\t\t\t\t\t\t<div class=\"next-post-swiper-btn\"><i class=\"la fa-angle-right\"><\/i><\/div>\r\n\t\t\t\t\t\t<\/div>\r\n\t\t\t\t\t\t\t\t\t\t\t\t<\/div>\r\n\t\t\t\t\t\r\n\t\t<div class=\"dz-info\">\r\n\t\t\t<div class=\"dz-meta\">\r\n\t\t\t\t<ul>\r\n\t\t\t\t\t<li class=\"post-date\">\r\n\t\t\t\t\t\t<strong>26<\/strong>\r\n\t\t\t\t\t\t<span>apr<\/span>\r\n\t\t\t\t\t<\/li>\r\n\t\t\t\t\t<li class=\"post-category\">\r\n\t\t\t\t\t\t<a href=\"https:\/\/rathinterier.sk\/?cat=20\" rel=\"category\">Slider Gallery<\/a>\t\t\t\t\t<\/li>\r\n\t\t\t\t\t<li class=\"post-user\">By <a href=\"https:\/\/rathinterier.sk\/?author=1\"> miroslavborecky<\/a>\r\n\t\t\t\t\t<\/li>\r\n\t\t\t\t<\/ul>\r\n\t\t\t<\/div>\r\n\t\t\t<h3 class=\"dz-title\">\r\n\t\t\t\t<a href=\"https:\/\/rathinterier.sk\/?p=81\">\r\n\t\t\t\t\tWhy Are Children So Obsessed With Architecture.\t\t\t\t<\/a>\r\n\t\t\t<\/h3>\r\n\t\t\t<div class=\"dz-post-text text\">\r\n\t\t\t\t<p>\r\n\t\t\t\t\tYou can align your image to the left, right, or center with a caption, link and alt text New Journey to the Mars in the Gutenberg editor, you can drag and drop an.\t\t\t\t<\/p>\r\n\t\t\t<\/div>\r\n\t\t\t<div class=\"read-more\">\r\n\t\t\t\t<a href=\"https:\/\/rathinterier.sk\/?p=81\" class=\"btn btn-primary btn-rounded btn-sm hover-icon\">\r\n\t\t\t\t\t<span>Read More <\/span>\r\n\t\t\t\t\t<i class=\"fas fa-arrow-right\"><\/i>\r\n\t\t\t\t<\/a>\r\n\t\t\t<\/div>\r\n\t\t<\/div>\r\n\t<\/div>\r\n\r\n<\/div>\r\n\t  \r\n<div id=\"post-80\" class=\"col-xl-12 col-lg-12 card-container overlay-post post-80 post type-post status-publish format-standard has-post-thumbnail hentry category-video tag-fashion\">\r\n\t<div class=\"dz-card blog-grid style-1 aos-item m-b50\" data-aos=\"fade-up\" data-aos-duration=\"1000\" data-aos-delay=\"200\">\r\n\t\t\t\t\t\r\n\t\t\t\t\t\t\t<div class=\"dz-media post-video\">\r\n\t\t\t\t\t<img width=\"1000\" height=\"600\" src=\"https:\/\/rathinterier.sk\/wp-content\/uploads\/2021\/04\/pic12-1000x600.jpg\" class=\"attachment-large size-large wp-post-image\" alt=\"\" loading=\"lazy\" \/>\t\t\t\t\t\r\n\t\t\t\t\t\t\t\t\t\t\t<a href=\"https:\/\/www.youtube.com\/watch?v=lrC6BB5OFvc\" class=\"post-video-icon popup-youtube\">\r\n\t\t\t\t\t\t\t<i class=\"fa fa-play\"><\/i>\r\n\t\t\t\t\t\t<\/a>\r\n\t\t\t\t\t\t\t\t\t<\/div>\r\n\t\t\t\t\t\t\r\n\t\t<div class=\"dz-info\">\r\n\t\t\t<div class=\"dz-meta\">\r\n\t\t\t\t<ul>\r\n\t\t\t\t\t<li class=\"post-date\">\r\n\t\t\t\t\t\t<strong>26<\/strong>\r\n\t\t\t\t\t\t<span>apr<\/span>\r\n\t\t\t\t\t<\/li>\r\n\t\t\t\t\t<li class=\"post-category\">\r\n\t\t\t\t\t\t<a href=\"https:\/\/rathinterier.sk\/?cat=22\" rel=\"category\">Video<\/a>\t\t\t\t\t<\/li>\r\n\t\t\t\t\t<li class=\"post-user\">By <a href=\"https:\/\/rathinterier.sk\/?author=1\"> miroslavborecky<\/a>\r\n\t\t\t\t\t<\/li>\r\n\t\t\t\t<\/ul>\r\n\t\t\t<\/div>\r\n\t\t\t<h3 class=\"dz-title\">\r\n\t\t\t\t<a href=\"https:\/\/rathinterier.sk\/?p=80\">\r\n\t\t\t\t\tThings That Make You Love And Hate Architecture.\t\t\t\t<\/a>\r\n\t\t\t<\/h3>\r\n\t\t\t<div class=\"dz-post-text text\">\r\n\t\t\t\t<p>\r\n\t\t\t\t\tYou can align your image to the left, right, or center with a caption, link and alt text New Journey to the Mars in the Gutenberg editor, you can drag and drop an.\t\t\t\t<\/p>\r\n\t\t\t<\/div>\r\n\t\t\t<div class=\"read-more\">\r\n\t\t\t\t<a href=\"https:\/\/rathinterier.sk\/?p=80\" class=\"btn btn-primary btn-rounded btn-sm hover-icon\">\r\n\t\t\t\t\t<span>Read More <\/span>\r\n\t\t\t\t\t<i class=\"fas fa-arrow-right\"><\/i>\r\n\t\t\t\t<\/a>\r\n\t\t\t<\/div>\r\n\t\t<\/div>\r\n\t<\/div>\r\n\r\n<\/div>\r\n\t  \r\n<div id=\"post-78\" class=\"col-xl-12 col-lg-12 card-container overlay-post post-78 post type-post status-publish format-standard has-post-thumbnail hentry category-lifestyle category-video tag-lifestyle\">\r\n\t<div class=\"dz-card blog-grid style-1 aos-item m-b50\" data-aos=\"fade-up\" data-aos-duration=\"1000\" data-aos-delay=\"200\">\r\n\t\t\t\t\t\r\n\t\t\t\t\t\t\t<div class=\"dz-media \">\r\n\t\t\t\t\t<img width=\"1000\" height=\"600\" src=\"https:\/\/rathinterier.sk\/wp-content\/uploads\/2021\/04\/pic11-1000x600.jpg\" class=\"attachment-large size-large wp-post-image\" alt=\"\" loading=\"lazy\" \/>\t\t\t\t\t\r\n\t\t\t\t\t\t\t\t\t<\/div>\r\n\t\t\t\t\t\t\r\n\t\t<div class=\"dz-info\">\r\n\t\t\t<div class=\"dz-meta\">\r\n\t\t\t\t<ul>\r\n\t\t\t\t\t<li class=\"post-date\">\r\n\t\t\t\t\t\t<strong>26<\/strong>\r\n\t\t\t\t\t\t<span>apr<\/span>\r\n\t\t\t\t\t<\/li>\r\n\t\t\t\t\t<li class=\"post-category\">\r\n\t\t\t\t\t\t<a href=\"https:\/\/rathinterier.sk\/?cat=19\" rel=\"category\">Lifestyle<\/a> <a href=\"https:\/\/rathinterier.sk\/?cat=22\" rel=\"category\">Video<\/a>\t\t\t\t\t<\/li>\r\n\t\t\t\t\t<li class=\"post-user\">By <a href=\"https:\/\/rathinterier.sk\/?author=1\"> miroslavborecky<\/a>\r\n\t\t\t\t\t<\/li>\r\n\t\t\t\t<\/ul>\r\n\t\t\t<\/div>\r\n\t\t\t<h3 class=\"dz-title\">\r\n\t\t\t\t<a href=\"https:\/\/rathinterier.sk\/?p=78\">\r\n\t\t\t\t\tThe Biggest Contribution Of Architecture To Humanity.\t\t\t\t<\/a>\r\n\t\t\t<\/h3>\r\n\t\t\t<div class=\"dz-post-text text\">\r\n\t\t\t\t<p>\r\n\t\t\t\t\tYou can align your image to the left, right, or center with a caption, link and alt text New Journey to the Mars in the Gutenberg editor, you can drag and drop an.\t\t\t\t<\/p>\r\n\t\t\t<\/div>\r\n\t\t\t<div class=\"read-more\">\r\n\t\t\t\t<a href=\"https:\/\/rathinterier.sk\/?p=78\" class=\"btn btn-primary btn-rounded btn-sm hover-icon\">\r\n\t\t\t\t\t<span>Read More <\/span>\r\n\t\t\t\t\t<i class=\"fas fa-arrow-right\"><\/i>\r\n\t\t\t\t<\/a>\r\n\t\t\t<\/div>\r\n\t\t<\/div>\r\n\t<\/div>\r\n\r\n<\/div>\r\n\t        <\/div>\r\n        <!-- Side bar END -->\r\n      \t\t\t\t\t<!-- Pagination start -->\r\n\t\t\t\t\t<div class=\"reload-btn text-center mb-4\">\r\n\t\t\t\t\t<a href=\"javascript:void(0);\" class=\"btn shadow-primary btn-primary btn-rounded btn-ov-secondary loadmore-btn dz-load-more \" id=\"post_listing_1_LoadMoreBtn\"   \r\n\t\t\t\t\t\tdata-ajax-container = \"post_listing_1_LoadMoreContainer\"\t\t\t\t\t\r\n\t\t\t\t\t\tdata-blog-view = \"post_listing_1\" \r\n\t\t\t\t\t\tdata-max-num-pages=\"4\" \r\n\t\t\t\t\t\tdata-posts-per-page=\"4\"\r\n\t\t\t\t\t\tdata-image-preference=\"image_post_only\"\r\n\t\t\t\t\t\tdata-only-featured-post=\"\" \r\n\t\t\t\t\t\tdata-post-order=\"DESC\"\t\r\n\t\t\t\t\t\tdata-post-order-by=\"date\"\t\r\n\t\t\t\t\t\tdata-posts-in-categories=\"0\"\r\n\t\t\t\t\t\tdata-side-bar=\"dz_blog_sidebar\"\r\n\t\t\t\t\t\tdata-title-text-limit=\"40\" \r\n\t\t\t\t\t\t>\r\n\t\t\t\t\tLOAD MORE <i class=\"fa fa-refresh fas fa-spinner fa-spin\"><\/i><\/a>\r\n\t\t\t\t\t<\/div>\r\n\t\t\t\t\t<!-- Pagination End -->\r\n\t\t\t\t\t\t\t\t<\/div>\r\n          <\/div>\r\n  <\/div>\r\n<\/section>\r\n\t\t<\/div>\n\t\t\t\t<\/div>\n\t\t\t\t\t<\/div>\n\t\t<\/div>\n\t\t\t\t\t\t\t<\/div>\n\t\t<\/section>\n\t\t\t\t\t\t\t<\/div>\n\t\t","protected":false},"excerpt":{"rendered":"<p>Categories Architecture Audio Beauty Lifestyle Slider Gallery Video Recent Post What It&#8217;s Like Dating Architecture. April 26, 2021 Architecture Has The Answer To. April 26, 2021 Five Signs You&#8217;re In Love. April 26, 2021 Five Quick Tips Regarding Architecture. April 26, 2021 26 Apr Audio By John Doe How Architecture Can Increase Your Profit! You <\/p>\n","protected":false},"author":1,"featured_media":0,"parent":0,"menu_order":0,"comment_status":"closed","ping_status":"closed","template":"visva_homepage.php","meta":{"_monsterinsights_skip_tracking":false,"_monsterinsights_sitenote_active":false,"_monsterinsights_sitenote_note":"","_monsterinsights_sitenote_category":0},"yoast_head":"<!-- This site is optimized with the Yoast SEO plugin v19.8 - https:\/\/yoast.com\/wordpress\/plugins\/seo\/ -->\n<title>Large Left Sidebar - Rath Interi\u00e9r<\/title>\n<meta name=\"robots\" content=\"index, follow, max-snippet:-1, max-image-preview:large, max-video-preview:-1\" \/>\n<link rel=\"canonical\" href=\"https:\/\/rathinterier.sk\/?page_id=15\" \/>\n<meta property=\"og:locale\" content=\"sk_SK\" \/>\n<meta property=\"og:type\" content=\"article\" \/>\n<meta property=\"og:title\" content=\"Large Left Sidebar - Rath Interi\u00e9r\" \/>\n<meta property=\"og:description\" content=\"Categories Architecture Audio Beauty Lifestyle Slider Gallery Video Recent Post What It&#8217;s Like Dating Architecture. April 26, 2021 Architecture Has The Answer To. April 26, 2021 Five Signs You&#8217;re In Love. April 26, 2021 Five Quick Tips Regarding Architecture. April 26, 2021 26 Apr Audio By John Doe How Architecture Can Increase Your Profit! You\" \/>\n<meta property=\"og:url\" content=\"https:\/\/rathinterier.sk\/?page_id=15\" \/>\n<meta property=\"og:site_name\" content=\"Rath Interi\u00e9r\" \/>\n<meta property=\"og:image\" content=\"https:\/\/visva.wprdx.com\/demo\/wp-content\/uploads\/2021\/04\/pic7-200x200.jpg\" \/>\n<meta name=\"twitter:card\" content=\"summary_large_image\" \/>\n<meta name=\"twitter:label1\" content=\"Predpokladan\u00fd \u010das \u010d\u00edtania\" \/>\n\t<meta name=\"twitter:data1\" content=\"1 min\u00fata\" \/>\n<script type=\"application\/ld+json\" class=\"yoast-schema-graph\">{\"@context\":\"https:\/\/schema.org\",\"@graph\":[{\"@type\":\"WebPage\",\"@id\":\"https:\/\/rathinterier.sk\/?page_id=15\",\"url\":\"https:\/\/rathinterier.sk\/?page_id=15\",\"name\":\"Large Left Sidebar - Rath Interi\u00e9r\",\"isPartOf\":{\"@id\":\"https:\/\/rathinterier.sk\/#website\"},\"datePublished\":\"2021-04-24T10:09:20+00:00\",\"dateModified\":\"2021-04-24T10:09:20+00:00\",\"breadcrumb\":{\"@id\":\"https:\/\/rathinterier.sk\/?page_id=15#breadcrumb\"},\"inLanguage\":\"sk-SK\",\"potentialAction\":[{\"@type\":\"ReadAction\",\"target\":[\"https:\/\/rathinterier.sk\/?page_id=15\"]}]},{\"@type\":\"BreadcrumbList\",\"@id\":\"https:\/\/rathinterier.sk\/?page_id=15#breadcrumb\",\"itemListElement\":[{\"@type\":\"ListItem\",\"position\":1,\"name\":\"Home\",\"item\":\"https:\/\/rathinterier.sk\/\"},{\"@type\":\"ListItem\",\"position\":2,\"name\":\"Large Left Sidebar\"}]},{\"@type\":\"WebSite\",\"@id\":\"https:\/\/rathinterier.sk\/#website\",\"url\":\"https:\/\/rathinterier.sk\/\",\"name\":\"Rath Interi\u00e9r\",\"description\":\" Interi\u00e9r na mieru\",\"potentialAction\":[{\"@type\":\"SearchAction\",\"target\":{\"@type\":\"EntryPoint\",\"urlTemplate\":\"https:\/\/rathinterier.sk\/?s={search_term_string}\"},\"query-input\":\"required name=search_term_string\"}],\"inLanguage\":\"sk-SK\"}]}<\/script>\n<!-- \/ Yoast SEO plugin. -->","yoast_head_json":{"title":"Large Left Sidebar - Rath Interi\u00e9r","robots":{"index":"index","follow":"follow","max-snippet":"max-snippet:-1","max-image-preview":"max-image-preview:large","max-video-preview":"max-video-preview:-1"},"canonical":"https:\/\/rathinterier.sk\/?page_id=15","og_locale":"sk_SK","og_type":"article","og_title":"Large Left Sidebar - Rath Interi\u00e9r","og_description":"Categories Architecture Audio Beauty Lifestyle Slider Gallery Video Recent Post What It&#8217;s Like Dating Architecture. April 26, 2021 Architecture Has The Answer To. April 26, 2021 Five Signs You&#8217;re In Love. April 26, 2021 Five Quick Tips Regarding Architecture. April 26, 2021 26 Apr Audio By John Doe How Architecture Can Increase Your Profit! You","og_url":"https:\/\/rathinterier.sk\/?page_id=15","og_site_name":"Rath Interi\u00e9r","og_image":[{"url":"https:\/\/visva.wprdx.com\/demo\/wp-content\/uploads\/2021\/04\/pic7-200x200.jpg"}],"twitter_card":"summary_large_image","twitter_misc":{"Predpokladan\u00fd \u010das \u010d\u00edtania":"1 min\u00fata"},"schema":{"@context":"https:\/\/schema.org","@graph":[{"@type":"WebPage","@id":"https:\/\/rathinterier.sk\/?page_id=15","url":"https:\/\/rathinterier.sk\/?page_id=15","name":"Large Left Sidebar - Rath Interi\u00e9r","isPartOf":{"@id":"https:\/\/rathinterier.sk\/#website"},"datePublished":"2021-04-24T10:09:20+00:00","dateModified":"2021-04-24T10:09:20+00:00","breadcrumb":{"@id":"https:\/\/rathinterier.sk\/?page_id=15#breadcrumb"},"inLanguage":"sk-SK","potentialAction":[{"@type":"ReadAction","target":["https:\/\/rathinterier.sk\/?page_id=15"]}]},{"@type":"BreadcrumbList","@id":"https:\/\/rathinterier.sk\/?page_id=15#breadcrumb","itemListElement":[{"@type":"ListItem","position":1,"name":"Home","item":"https:\/\/rathinterier.sk\/"},{"@type":"ListItem","position":2,"name":"Large Left Sidebar"}]},{"@type":"WebSite","@id":"https:\/\/rathinterier.sk\/#website","url":"https:\/\/rathinterier.sk\/","name":"Rath Interi\u00e9r","description":" Interi\u00e9r na mieru","potentialAction":[{"@type":"SearchAction","target":{"@type":"EntryPoint","urlTemplate":"https:\/\/rathinterier.sk\/?s={search_term_string}"},"query-input":"required name=search_term_string"}],"inLanguage":"sk-SK"}]}},"_links":{"self":[{"href":"https:\/\/rathinterier.sk\/index.php?rest_route=\/wp\/v2\/pages\/15"}],"collection":[{"href":"https:\/\/rathinterier.sk\/index.php?rest_route=\/wp\/v2\/pages"}],"about":[{"href":"https:\/\/rathinterier.sk\/index.php?rest_route=\/wp\/v2\/types\/page"}],"author":[{"embeddable":true,"href":"https:\/\/rathinterier.sk\/index.php?rest_route=\/wp\/v2\/users\/1"}],"replies":[{"embeddable":true,"href":"https:\/\/rathinterier.sk\/index.php?rest_route=%2Fwp%2Fv2%2Fcomments&post=15"}],"version-history":[{"count":0,"href":"https:\/\/rathinterier.sk\/index.php?rest_route=\/wp\/v2\/pages\/15\/revisions"}],"wp:attachment":[{"href":"https:\/\/rathinterier.sk\/index.php?rest_route=%2Fwp%2Fv2%2Fmedia&parent=15"}],"curies":[{"name":"wp","href":"https:\/\/api.w.org\/{rel}","templated":true}]}}